{"id":44,"date":"2014-02-13T07:45:58","date_gmt":"2014-02-13T05:45:58","guid":{"rendered":"http:\/\/heimylly.net\/wordpress\/testi\/?page_id=44"},"modified":"2022-01-18T13:50:10","modified_gmt":"2022-01-18T11:50:10","slug":"hautakivet2","status":"publish","type":"page","link":"https:\/\/www.jarmovellonen.fi\/en\/teokset\/hautakivet2\/","title":{"rendered":"Headstones"},"content":{"rendered":"<!-- default-view.php -->\n<div\n\tclass=\"ngg-galleryoverview default-view \"\n\tid=\"ngg-gallery-33245cef03aac5b02637e09687ac0232-1\">\n\n\t\t<!-- Thumbnails -->\n\t\t\t\t<div id=\"ngg-image-0\" class=\"ngg-gallery-thumbnail-box \" >\n\t\t\t\t        <div class=\"ngg-gallery-thumbnail\">\n            <a href=\"https:\/\/www.jarmovellonen.fi\/wp-content\/gallery\/hautakivet\/11.jpg\"\n               title=\"[:fi]A l\u2019\u00e9ternit\u00e9 pronssi - 75 cm x 18 cm x 15 cm - v. 2011 - N\u00e4sin hautausmaa, Porvoo[:en]bronze \u2013 75 cm x 18 cm x 15 cm \u2013 2011 \u2013 N\u00e4si Hill Cemetery, Porvoo[:]\"\n               data-src=\"https:\/\/www.jarmovellonen.fi\/wp-content\/gallery\/hautakivet\/11.jpg\"\n               data-thumbnail=\"https:\/\/www.jarmovellonen.fi\/wp-content\/gallery\/hautakivet\/thumbs\/thumbs_11.jpg\"\n               data-image-id=\"1\"\n               data-title=\"A l\u2019\u00e9ternit\u00e9\"\n               data-description=\"[:fi]A l\u2019\u00e9ternit\u00e9 pronssi - 75 cm x 18 cm x 15 cm - v. 2011 - N\u00e4sin hautausmaa, Porvoo[:en]bronze \u2013 75 cm x 18 cm x 15 cm \u2013 2011 \u2013 N\u00e4si Hill Cemetery, Porvoo[:]\"\n               data-image-slug=\"11\"\n               class=\"ngg-simplelightbox\" rel=\"33245cef03aac5b02637e09687ac0232\">\n                <img\n                    title=\"A l\u2019\u00e9ternit\u00e9\"\n                    alt=\"A l\u2019\u00e9ternit\u00e9\"\n                    src=\"https:\/\/www.jarmovellonen.fi\/wp-content\/gallery\/hautakivet\/thumbs\/thumbs_11.jpg\"\n                    width=\"240\"\n                    height=\"160\"\n                    style=\"max-width:100%;\"\n                \/>\n            <\/a>\n        <\/div>\n\t\t\t\t\t\t\t<\/div> \n\t\t\t\n\t\t\t\t<div id=\"ngg-image-1\" class=\"ngg-gallery-thumbnail-box \" >\n\t\t\t\t        <div class=\"ngg-gallery-thumbnail\">\n            <a href=\"https:\/\/www.jarmovellonen.fi\/wp-content\/gallery\/hautakivet\/10a.jpg\"\n               title=\"[:fi]Sato Porvoon N\u00e4sin hautausmaa, musta graniitti ja pronssi, 2009, reliefi: 30 cm x 23 cm x 1,5 cm [:en]Harvest, N\u00e4si Hill Cemetery, black granite and bronze, 2009, relief: 30 cm x 23 cm x 1.5 cm[:]\"\n               data-src=\"https:\/\/www.jarmovellonen.fi\/wp-content\/gallery\/hautakivet\/10a.jpg\"\n               data-thumbnail=\"https:\/\/www.jarmovellonen.fi\/wp-content\/gallery\/hautakivet\/thumbs\/thumbs_10a.jpg\"\n               data-image-id=\"2\"\n               data-title=\"Sato-Harvest\"\n               data-description=\"[:fi]Sato Porvoon N\u00e4sin hautausmaa, musta graniitti ja pronssi, 2009, reliefi: 30 cm x 23 cm x 1,5 cm [:en]Harvest, N\u00e4si Hill Cemetery, black granite and bronze, 2009, relief: 30 cm x 23 cm x 1.5 cm[:]\"\n               data-image-slug=\"10a\"\n               class=\"ngg-simplelightbox\" rel=\"33245cef03aac5b02637e09687ac0232\">\n                <img\n                    title=\"Sato-Harvest\"\n                    alt=\"Sato-Harvest\"\n                    src=\"https:\/\/www.jarmovellonen.fi\/wp-content\/gallery\/hautakivet\/thumbs\/thumbs_10a.jpg\"\n                    width=\"240\"\n                    height=\"160\"\n                    style=\"max-width:100%;\"\n                \/>\n            <\/a>\n        <\/div>\n\t\t\t\t\t\t\t<\/div> \n\t\t\t\n\t\t\t\t<div id=\"ngg-image-2\" class=\"ngg-gallery-thumbnail-box \" >\n\t\t\t\t        <div class=\"ngg-gallery-thumbnail\">\n            <a href=\"https:\/\/www.jarmovellonen.fi\/wp-content\/gallery\/hautakivet\/1-2.jpg\"\n               title=\"[:fi]Muisto, Porvoon N\u00e4sin hautausmaa, pronssi ja graniitti , 95 x 75 x 25 cm[:en]Remembrance, N\u00e4si Hill Cemetery, bronze and granite, 95 x 75 x 25 cm[:]\"\n               data-src=\"https:\/\/www.jarmovellonen.fi\/wp-content\/gallery\/hautakivet\/1-2.jpg\"\n               data-thumbnail=\"https:\/\/www.jarmovellonen.fi\/wp-content\/gallery\/hautakivet\/thumbs\/thumbs_1-2.jpg\"\n               data-image-id=\"3\"\n               data-title=\"Muisto-Remembrance\"\n               data-description=\"[:fi]Muisto, Porvoon N\u00e4sin hautausmaa, pronssi ja graniitti , 95 x 75 x 25 cm[:en]Remembrance, N\u00e4si Hill Cemetery, bronze and granite, 95 x 75 x 25 cm[:]\"\n               data-image-slug=\"1-2\"\n               class=\"ngg-simplelightbox\" rel=\"33245cef03aac5b02637e09687ac0232\">\n                <img\n                    title=\"Muisto-Remembrance\"\n                    alt=\"Muisto-Remembrance\"\n                    src=\"https:\/\/www.jarmovellonen.fi\/wp-content\/gallery\/hautakivet\/thumbs\/thumbs_1-2.jpg\"\n                    width=\"240\"\n                    height=\"160\"\n                    style=\"max-width:100%;\"\n                \/>\n            <\/a>\n        <\/div>\n\t\t\t\t\t\t\t<\/div> \n\t\t\t\n\t\t\t\t<div id=\"ngg-image-3\" class=\"ngg-gallery-thumbnail-box \" >\n\t\t\t\t        <div class=\"ngg-gallery-thumbnail\">\n            <a href=\"https:\/\/www.jarmovellonen.fi\/wp-content\/gallery\/hautakivet\/2-2.jpg\"\n               title=\"[:fi]Polku, Kurikan hautausmaa, pronssi ja kivi, v. 2003 , 70 x 60 x 60 cm[:en]Path, Kurikka Cemetery, bronze and stone, 2003, 70 x 60 x 60 cm[:]\"\n               data-src=\"https:\/\/www.jarmovellonen.fi\/wp-content\/gallery\/hautakivet\/2-2.jpg\"\n               data-thumbnail=\"https:\/\/www.jarmovellonen.fi\/wp-content\/gallery\/hautakivet\/thumbs\/thumbs_2-2.jpg\"\n               data-image-id=\"4\"\n               data-title=\"Polku-Path\"\n               data-description=\"[:fi]Polku, Kurikan hautausmaa, pronssi ja kivi, v. 2003 , 70 x 60 x 60 cm[:en]Path, Kurikka Cemetery, bronze and stone, 2003, 70 x 60 x 60 cm[:]\"\n               data-image-slug=\"2-2\"\n               class=\"ngg-simplelightbox\" rel=\"33245cef03aac5b02637e09687ac0232\">\n                <img\n                    title=\"Polku-Path\"\n                    alt=\"Polku-Path\"\n                    src=\"https:\/\/www.jarmovellonen.fi\/wp-content\/gallery\/hautakivet\/thumbs\/thumbs_2-2.jpg\"\n                    width=\"240\"\n                    height=\"160\"\n                    style=\"max-width:100%;\"\n                \/>\n            <\/a>\n        <\/div>\n\t\t\t\t\t\t\t<\/div> \n\t\t\t\n\t\t\t\t<div id=\"ngg-image-4\" class=\"ngg-gallery-thumbnail-box \" >\n\t\t\t\t        <div class=\"ngg-gallery-thumbnail\">\n            <a href=\"https:\/\/www.jarmovellonen.fi\/wp-content\/gallery\/hautakivet\/3-2.jpg\"\n               title=\"[:fi]Tunturienkeli, Porvoon N\u00e4sin hautausmaa, pronssi ja musta graniitti, 130 x 114 cm x 28 cm[:en]Angel of the Fells, N\u00e4si Hill Cemetery, bronze and black granite, 130 x 114 cm x 28 cm[:]\"\n               data-src=\"https:\/\/www.jarmovellonen.fi\/wp-content\/gallery\/hautakivet\/3-2.jpg\"\n               data-thumbnail=\"https:\/\/www.jarmovellonen.fi\/wp-content\/gallery\/hautakivet\/thumbs\/thumbs_3-2.jpg\"\n               data-image-id=\"5\"\n               data-title=\"Tunturienkeli - Angel of the Fells\"\n               data-description=\"[:fi]Tunturienkeli, Porvoon N\u00e4sin hautausmaa, pronssi ja musta graniitti, 130 x 114 cm x 28 cm[:en]Angel of the Fells, N\u00e4si Hill Cemetery, bronze and black granite, 130 x 114 cm x 28 cm[:]\"\n               data-image-slug=\"3-2\"\n               class=\"ngg-simplelightbox\" rel=\"33245cef03aac5b02637e09687ac0232\">\n                <img\n                    title=\"Tunturienkeli - Angel of the Fells\"\n                    alt=\"Tunturienkeli - Angel of the Fells\"\n                    src=\"https:\/\/www.jarmovellonen.fi\/wp-content\/gallery\/hautakivet\/thumbs\/thumbs_3-2.jpg\"\n                    width=\"240\"\n                    height=\"160\"\n                    style=\"max-width:100%;\"\n                \/>\n            <\/a>\n        <\/div>\n\t\t\t\t\t\t\t<\/div> \n\t\t\t\n\t\t\t\t<div id=\"ngg-image-5\" class=\"ngg-gallery-thumbnail-box \" >\n\t\t\t\t        <div class=\"ngg-gallery-thumbnail\">\n            <a href=\"https:\/\/www.jarmovellonen.fi\/wp-content\/gallery\/hautakivet\/4-1.jpg\"\n               title=\"[:fi]Suru, Porvoon N\u00e4sin hautausmaa, pronssi ja musta graniitti, 70 x 105 x 20 cm[:en]Mourning, N\u00e4si Hill Cemetery, black granite and bronze, 70 x 105 x 20 cm[:]\"\n               data-src=\"https:\/\/www.jarmovellonen.fi\/wp-content\/gallery\/hautakivet\/4-1.jpg\"\n               data-thumbnail=\"https:\/\/www.jarmovellonen.fi\/wp-content\/gallery\/hautakivet\/thumbs\/thumbs_4-1.jpg\"\n               data-image-id=\"6\"\n               data-title=\"Suru-Mourning\"\n               data-description=\"[:fi]Suru, Porvoon N\u00e4sin hautausmaa, pronssi ja musta graniitti, 70 x 105 x 20 cm[:en]Mourning, N\u00e4si Hill Cemetery, black granite and bronze, 70 x 105 x 20 cm[:]\"\n               data-image-slug=\"4-1\"\n               class=\"ngg-simplelightbox\" rel=\"33245cef03aac5b02637e09687ac0232\">\n                <img\n                    title=\"Suru-Mourning\"\n                    alt=\"Suru-Mourning\"\n                    src=\"https:\/\/www.jarmovellonen.fi\/wp-content\/gallery\/hautakivet\/thumbs\/thumbs_4-1.jpg\"\n                    width=\"240\"\n                    height=\"160\"\n                    style=\"max-width:100%;\"\n                \/>\n            <\/a>\n        <\/div>\n\t\t\t\t\t\t\t<\/div> \n\t\t\t\n\t\t\t\t<div id=\"ngg-image-6\" class=\"ngg-gallery-thumbnail-box \" >\n\t\t\t\t        <div class=\"ngg-gallery-thumbnail\">\n            <a href=\"https:\/\/www.jarmovellonen.fi\/wp-content\/gallery\/hautakivet\/5-1.jpg\"\n               title=\"[:fi]Suruvaippa, Savonlinnan P\u00e4\u00e4skylahden hautausmaa, Yl\u00e4maan spektroliitti, 75 x95 x55 cm[:en]Mourning Cloak, P\u00e4\u00e4skylahti Cemetery in Savonlinna, Yl\u00e4maa spectrolite, 75 x 95 x 55 cm[:]\"\n               data-src=\"https:\/\/www.jarmovellonen.fi\/wp-content\/gallery\/hautakivet\/5-1.jpg\"\n               data-thumbnail=\"https:\/\/www.jarmovellonen.fi\/wp-content\/gallery\/hautakivet\/thumbs\/thumbs_5-1.jpg\"\n               data-image-id=\"7\"\n               data-title=\"Suruvaippa-Mourning Cloak\"\n               data-description=\"[:fi]Suruvaippa, Savonlinnan P\u00e4\u00e4skylahden hautausmaa, Yl\u00e4maan spektroliitti, 75 x95 x55 cm[:en]Mourning Cloak, P\u00e4\u00e4skylahti Cemetery in Savonlinna, Yl\u00e4maa spectrolite, 75 x 95 x 55 cm[:]\"\n               data-image-slug=\"5-1\"\n               class=\"ngg-simplelightbox\" rel=\"33245cef03aac5b02637e09687ac0232\">\n                <img\n                    title=\"Suruvaippa-Mourning Cloak\"\n                    alt=\"Suruvaippa-Mourning Cloak\"\n                    src=\"https:\/\/www.jarmovellonen.fi\/wp-content\/gallery\/hautakivet\/thumbs\/thumbs_5-1.jpg\"\n                    width=\"240\"\n                    height=\"160\"\n                    style=\"max-width:100%;\"\n                \/>\n            <\/a>\n        <\/div>\n\t\t\t\t\t\t\t<\/div> \n\t\t\t\n\t\t\t\t<div id=\"ngg-image-7\" class=\"ngg-gallery-thumbnail-box \" >\n\t\t\t\t        <div class=\"ngg-gallery-thumbnail\">\n            <a href=\"https:\/\/www.jarmovellonen.fi\/wp-content\/gallery\/hautakivet\/6-1.jpg\"\n               title=\"[:fi]Enkeli, Savonlinnan Talvisalon hautausmaa, pronssi ja musta graniitti, 150 x 105 x 30 cm[:en]Angel, Talvisalo Cemetery in Savonlinna, bronze and black granite, 150 x 105 x 30 cm[:]\"\n               data-src=\"https:\/\/www.jarmovellonen.fi\/wp-content\/gallery\/hautakivet\/6-1.jpg\"\n               data-thumbnail=\"https:\/\/www.jarmovellonen.fi\/wp-content\/gallery\/hautakivet\/thumbs\/thumbs_6-1.jpg\"\n               data-image-id=\"8\"\n               data-title=\"Enkeli-Angel\"\n               data-description=\"[:fi]Enkeli, Savonlinnan Talvisalon hautausmaa, pronssi ja musta graniitti, 150 x 105 x 30 cm[:en]Angel, Talvisalo Cemetery in Savonlinna, bronze and black granite, 150 x 105 x 30 cm[:]\"\n               data-image-slug=\"6-1\"\n               class=\"ngg-simplelightbox\" rel=\"33245cef03aac5b02637e09687ac0232\">\n                <img\n                    title=\"Enkeli-Angel\"\n                    alt=\"Enkeli-Angel\"\n                    src=\"https:\/\/www.jarmovellonen.fi\/wp-content\/gallery\/hautakivet\/thumbs\/thumbs_6-1.jpg\"\n                    width=\"240\"\n                    height=\"160\"\n                    style=\"max-width:100%;\"\n                \/>\n            <\/a>\n        <\/div>\n\t\t\t\t\t\t\t<\/div> \n\t\t\t\n\t\t\t\t<div id=\"ngg-image-8\" class=\"ngg-gallery-thumbnail-box \" >\n\t\t\t\t        <div class=\"ngg-gallery-thumbnail\">\n            <a href=\"https:\/\/www.jarmovellonen.fi\/wp-content\/gallery\/hautakivet\/7-1.jpg\"\n               title=\"[:fi]Saari, Savonlinnan Talvisalon Hautausmaa, pronssi ja ruskea graniitti, 70 x 65 x 20cm[:en]Island, Talvisalo Cemetery in Savonlinna, bronze and brown granite, 70 x 65 x 20 cm\"\n               data-src=\"https:\/\/www.jarmovellonen.fi\/wp-content\/gallery\/hautakivet\/7-1.jpg\"\n               data-thumbnail=\"https:\/\/www.jarmovellonen.fi\/wp-content\/gallery\/hautakivet\/thumbs\/thumbs_7-1.jpg\"\n               data-image-id=\"9\"\n               data-title=\"Saari-Island\"\n               data-description=\"[:fi]Saari, Savonlinnan Talvisalon Hautausmaa, pronssi ja ruskea graniitti, 70 x 65 x 20cm[:en]Island, Talvisalo Cemetery in Savonlinna, bronze and brown granite, 70 x 65 x 20 cm\"\n               data-image-slug=\"7-1\"\n               class=\"ngg-simplelightbox\" rel=\"33245cef03aac5b02637e09687ac0232\">\n                <img\n                    title=\"Saari-Island\"\n                    alt=\"Saari-Island\"\n                    src=\"https:\/\/www.jarmovellonen.fi\/wp-content\/gallery\/hautakivet\/thumbs\/thumbs_7-1.jpg\"\n                    width=\"240\"\n                    height=\"160\"\n                    style=\"max-width:100%;\"\n                \/>\n            <\/a>\n        <\/div>\n\t\t\t\t\t\t\t<\/div> \n\t\t\t\n\t\t\t\t<div id=\"ngg-image-9\" class=\"ngg-gallery-thumbnail-box \" >\n\t\t\t\t        <div class=\"ngg-gallery-thumbnail\">\n            <a href=\"https:\/\/www.jarmovellonen.fi\/wp-content\/gallery\/hautakivet\/8-1.jpg\"\n               title=\"[:fi]Matka, Sumiaisten hautausmaa, pronssi ja kivi, 95 x 65 x 18cm[:en]Voyage, Sumiainen Cemetery, bronze and stone, 95 x 65 x 18 cm[:]\"\n               data-src=\"https:\/\/www.jarmovellonen.fi\/wp-content\/gallery\/hautakivet\/8-1.jpg\"\n               data-thumbnail=\"https:\/\/www.jarmovellonen.fi\/wp-content\/gallery\/hautakivet\/thumbs\/thumbs_8-1.jpg\"\n               data-image-id=\"10\"\n               data-title=\"Matka-Voyage\"\n               data-description=\"[:fi]Matka, Sumiaisten hautausmaa, pronssi ja kivi, 95 x 65 x 18cm[:en]Voyage, Sumiainen Cemetery, bronze and stone, 95 x 65 x 18 cm[:]\"\n               data-image-slug=\"8-1\"\n               class=\"ngg-simplelightbox\" rel=\"33245cef03aac5b02637e09687ac0232\">\n                <img\n                    title=\"Matka-Voyage\"\n                    alt=\"Matka-Voyage\"\n                    src=\"https:\/\/www.jarmovellonen.fi\/wp-content\/gallery\/hautakivet\/thumbs\/thumbs_8-1.jpg\"\n                    width=\"240\"\n                    height=\"160\"\n                    style=\"max-width:100%;\"\n                \/>\n            <\/a>\n        <\/div>\n\t\t\t\t\t\t\t<\/div> \n\t\t\t\n\t\n\t<br style=\"clear: both\" \/>\n\n\t\n\t\t<!-- Pagination -->\n\t<div class='ngg-clear'><\/div>\t<\/div>\n\n","protected":false},"excerpt":{"rendered":"","protected":false},"author":1,"featured_media":0,"parent":252,"menu_order":0,"comment_status":"closed","ping_status":"closed","template":"","meta":{"ngg_post_thumbnail":0},"_links":{"self":[{"href":"https:\/\/www.jarmovellonen.fi\/en\/wp-json\/wp\/v2\/pages\/44"}],"collection":[{"href":"https:\/\/www.jarmovellonen.fi\/en\/wp-json\/wp\/v2\/pages"}],"about":[{"href":"https:\/\/www.jarmovellonen.fi\/en\/wp-json\/wp\/v2\/types\/page"}],"author":[{"embeddable":true,"href":"https:\/\/www.jarmovellonen.fi\/en\/wp-json\/wp\/v2\/users\/1"}],"replies":[{"embeddable":true,"href":"https:\/\/www.jarmovellonen.fi\/en\/wp-json\/wp\/v2\/comments?post=44"}],"version-history":[{"count":12,"href":"https:\/\/www.jarmovellonen.fi\/en\/wp-json\/wp\/v2\/pages\/44\/revisions"}],"predecessor-version":[{"id":763,"href":"https:\/\/www.jarmovellonen.fi\/en\/wp-json\/wp\/v2\/pages\/44\/revisions\/763"}],"up":[{"embeddable":true,"href":"https:\/\/www.jarmovellonen.fi\/en\/wp-json\/wp\/v2\/pages\/252"}],"wp:attachment":[{"href":"https:\/\/www.jarmovellonen.fi\/en\/wp-json\/wp\/v2\/media?parent=44"}],"curies":[{"name":"wp","href":"https:\/\/api.w.org\/{rel}","templated":true}]}}